{"id":28,"date":"2024-08-14T18:21:16","date_gmt":"2024-08-14T18:21:16","guid":{"rendered":"https:\/\/rafaelcalasans.com.br\/piergo\/?page_id=28"},"modified":"2024-12-16T15:35:50","modified_gmt":"2024-12-16T15:35:50","slug":"qualidade","status":"publish","type":"page","link":"https:\/\/rafaelcalasans.com.br\/piergo\/qualidade\/","title":{"rendered":"Qualidade"},"content":{"rendered":"\t\t<div data-elementor-type=\"wp-page\" data-elementor-id=\"28\" class=\"elementor elementor-28\" data-elementor-post-type=\"page\">\n\t\t\t\t<div class=\"elementor-element elementor-element-bbcd0f1 e-flex e-con-boxed e-con e-parent\" data-id=\"bbcd0f1\" data-element_type=\"container\" data-settings=\"{&quot;background_background&quot;:&quot;classic&quot;}\">\n\t\t\t\t\t<div class=\"e-con-inner\">\n\t\t\t\t<div class=\"elementor-element elementor-element-97ba4d8 elementor-widget elementor-widget-heading\" data-id=\"97ba4d8\" data-element_type=\"widget\" data-widget_type=\"heading.default\">\n\t\t\t\t<div class=\"elementor-widget-container\">\n\t\t\t<style>\/*! elementor - v3.23.0 - 05-08-2024 *\/\n.elementor-heading-title{padding:0;margin:0;line-height:1}.elementor-widget-heading .elementor-heading-title[class*=elementor-size-]>a{color:inherit;font-size:inherit;line-height:inherit}.elementor-widget-heading .elementor-heading-title.elementor-size-small{font-size:15px}.elementor-widget-heading .elementor-heading-title.elementor-size-medium{font-size:19px}.elementor-widget-heading .elementor-heading-title.elementor-size-large{font-size:29px}.elementor-widget-heading .elementor-heading-title.elementor-size-xl{font-size:39px}.elementor-widget-heading .elementor-heading-title.elementor-size-xxl{font-size:59px}<\/style><h2 class=\"elementor-heading-title elementor-size-default\">Qualidade<\/h2>\t\t<\/div>\n\t\t\t\t<\/div>\n\t\t\t\t\t<\/div>\n\t\t\t\t<\/div>\n\t\t<div class=\"elementor-element elementor-element-5989cce e-flex e-con-boxed e-con e-parent\" data-id=\"5989cce\" data-element_type=\"container\">\n\t\t\t\t\t<div class=\"e-con-inner\">\n\t\t\t\t<div class=\"elementor-element elementor-element-70537db elementor-widget elementor-widget-heading\" data-id=\"70537db\" data-element_type=\"widget\" data-widget_type=\"heading.default\">\n\t\t\t\t<div class=\"elementor-widget-container\">\n\t\t\t<h2 class=\"elementor-heading-title elementor-size-default\">POL\u00cdTICA DA QUALIDADE<\/h2>\t\t<\/div>\n\t\t\t\t<\/div>\n\t\t\t\t\t<\/div>\n\t\t\t\t<\/div>\n\t\t<div class=\"elementor-element elementor-element-3a26a97 e-flex e-con-boxed e-con e-parent\" data-id=\"3a26a97\" data-element_type=\"container\">\n\t\t\t\t\t<div class=\"e-con-inner\">\n\t\t\t\t<div class=\"elementor-element elementor-element-cf1d9e3 elementor-widget-divider--view-line elementor-widget elementor-widget-divider\" data-id=\"cf1d9e3\" data-element_type=\"widget\" data-widget_type=\"divider.default\">\n\t\t\t\t<div class=\"elementor-widget-container\">\n\t\t\t<style>\/*! elementor - v3.23.0 - 05-08-2024 *\/\n.elementor-widget-divider{--divider-border-style:none;--divider-border-width:1px;--divider-color:#0c0d0e;--divider-icon-size:20px;--divider-element-spacing:10px;--divider-pattern-height:24px;--divider-pattern-size:20px;--divider-pattern-url:none;--divider-pattern-repeat:repeat-x}.elementor-widget-divider .elementor-divider{display:flex}.elementor-widget-divider .elementor-divider__text{font-size:15px;line-height:1;max-width:95%}.elementor-widget-divider .elementor-divider__element{margin:0 var(--divider-element-spacing);flex-shrink:0}.elementor-widget-divider .elementor-icon{font-size:var(--divider-icon-size)}.elementor-widget-divider .elementor-divider-separator{display:flex;margin:0;direction:ltr}.elementor-widget-divider--view-line_icon .elementor-divider-separator,.elementor-widget-divider--view-line_text .elementor-divider-separator{align-items:center}.elementor-widget-divider--view-line_icon .elementor-divider-separator:after,.elementor-widget-divider--view-line_icon .elementor-divider-separator:before,.elementor-widget-divider--view-line_text .elementor-divider-separator:after,.elementor-widget-divider--view-line_text .elementor-divider-separator:before{display:block;content:\"\";border-block-end:0;flex-grow:1;border-block-start:var(--divider-border-width) var(--divider-border-style) var(--divider-color)}.elementor-widget-divider--element-align-left .elementor-divider .elementor-divider-separator>.elementor-divider__svg:first-of-type{flex-grow:0;flex-shrink:100}.elementor-widget-divider--element-align-left .elementor-divider-separator:before{content:none}.elementor-widget-divider--element-align-left .elementor-divider__element{margin-left:0}.elementor-widget-divider--element-align-right .elementor-divider .elementor-divider-separator>.elementor-divider__svg:last-of-type{flex-grow:0;flex-shrink:100}.elementor-widget-divider--element-align-right .elementor-divider-separator:after{content:none}.elementor-widget-divider--element-align-right .elementor-divider__element{margin-right:0}.elementor-widget-divider--element-align-start .elementor-divider .elementor-divider-separator>.elementor-divider__svg:first-of-type{flex-grow:0;flex-shrink:100}.elementor-widget-divider--element-align-start .elementor-divider-separator:before{content:none}.elementor-widget-divider--element-align-start .elementor-divider__element{margin-inline-start:0}.elementor-widget-divider--element-align-end .elementor-divider .elementor-divider-separator>.elementor-divider__svg:last-of-type{flex-grow:0;flex-shrink:100}.elementor-widget-divider--element-align-end .elementor-divider-separator:after{content:none}.elementor-widget-divider--element-align-end .elementor-divider__element{margin-inline-end:0}.elementor-widget-divider:not(.elementor-widget-divider--view-line_text):not(.elementor-widget-divider--view-line_icon) .elementor-divider-separator{border-block-start:var(--divider-border-width) var(--divider-border-style) var(--divider-color)}.elementor-widget-divider--separator-type-pattern{--divider-border-style:none}.elementor-widget-divider--separator-type-pattern.elementor-widget-divider--view-line .elementor-divider-separator,.elementor-widget-divider--separator-type-pattern:not(.elementor-widget-divider--view-line) .elementor-divider-separator:after,.elementor-widget-divider--separator-type-pattern:not(.elementor-widget-divider--view-line) .elementor-divider-separator:before,.elementor-widget-divider--separator-type-pattern:not([class*=elementor-widget-divider--view]) .elementor-divider-separator{width:100%;min-height:var(--divider-pattern-height);-webkit-mask-size:var(--divider-pattern-size) 100%;mask-size:var(--divider-pattern-size) 100%;-webkit-mask-repeat:var(--divider-pattern-repeat);mask-repeat:var(--divider-pattern-repeat);background-color:var(--divider-color);-webkit-mask-image:var(--divider-pattern-url);mask-image:var(--divider-pattern-url)}.elementor-widget-divider--no-spacing{--divider-pattern-size:auto}.elementor-widget-divider--bg-round{--divider-pattern-repeat:round}.rtl .elementor-widget-divider .elementor-divider__text{direction:rtl}.e-con-inner>.elementor-widget-divider,.e-con>.elementor-widget-divider{width:var(--container-widget-width,100%);--flex-grow:var(--container-widget-flex-grow)}<\/style>\t\t<div class=\"elementor-divider\">\n\t\t\t<span class=\"elementor-divider-separator\">\n\t\t\t\t\t\t<\/span>\n\t\t<\/div>\n\t\t\t\t<\/div>\n\t\t\t\t<\/div>\n\t\t\t\t\t<\/div>\n\t\t\t\t<\/div>\n\t\t<div class=\"elementor-element elementor-element-031fa24 e-flex e-con-boxed e-con e-parent\" data-id=\"031fa24\" data-element_type=\"container\">\n\t\t\t\t\t<div class=\"e-con-inner\">\n\t\t\t\t<div class=\"elementor-element elementor-element-414ed06 calandra elementor-widget elementor-widget-text-editor\" data-id=\"414ed06\" data-element_type=\"widget\" data-widget_type=\"text-editor.default\">\n\t\t\t\t<div class=\"elementor-widget-container\">\n\t\t\t<style>\/*! elementor - v3.23.0 - 05-08-2024 *\/\n.elementor-widget-text-editor.elementor-drop-cap-view-stacked .elementor-drop-cap{background-color:#69727d;color:#fff}.elementor-widget-text-editor.elementor-drop-cap-view-framed .elementor-drop-cap{color:#69727d;border:3px solid;background-color:transparent}.elementor-widget-text-editor:not(.elementor-drop-cap-view-default) .elementor-drop-cap{margin-top:8px}.elementor-widget-text-editor:not(.elementor-drop-cap-view-default) .elementor-drop-cap-letter{width:1em;height:1em}.elementor-widget-text-editor .elementor-drop-cap{float:left;text-align:center;line-height:1;font-size:50px}.elementor-widget-text-editor .elementor-drop-cap-letter{display:inline-block}<\/style>\t\t\t\t<h3><span style=\"color: #d9d9d9;\"><span style=\"color: #808080;\">PIERGO METAL SERVICE tem como compromisso:<\/span><br \/><\/span><\/h3><ul><li>Alcan\u00e7ar a excel\u00eancia na qualidade t\u00e9cnica dos produtos metal\u00fargicos e na presta\u00e7\u00e3o de servi\u00e7os de beneficiamento de a\u00e7o, atendendo aos requisitos e superando as expectativas de nossos clientes.<\/li><li>Instituir um sistema eficaz de abordagem por processos, garantindo o uso respons\u00e1vel dos recursos dispon\u00edveis.<\/li><li>Acompanhar e implementar novas tecnologias, considerando as prioridades, a capacidade dos recursos existentes e os investimentos justificados.<\/li><li>Promover a capacita\u00e7\u00e3o dos colaboradores e fomentar o crescimento cont\u00ednuo da empresa.<\/li><li>Estabelecer e manter pr\u00e1ticas que garantam a melhoria cont\u00ednua do Sistema de Gest\u00e3o da Qualidade.<\/li><\/ul><p>rev.:00<\/p>\t\t\t\t\t\t<\/div>\n\t\t\t\t<\/div>\n\t\t<div class=\"elementor-element elementor-element-02bf43d e-grid e-con-full e-con e-child\" data-id=\"02bf43d\" data-element_type=\"container\">\n\t\t\t\t<div class=\"elementor-element elementor-element-b0e0c87 calandra elementor-widget elementor-widget-text-editor\" data-id=\"b0e0c87\" data-element_type=\"widget\" data-widget_type=\"text-editor.default\">\n\t\t\t\t<div class=\"elementor-widget-container\">\n\t\t\t\t\t\t\t<h3><span style=\"color: #808080;\">Miss\u00e3o<\/span><span style=\"color: #d9d9d9;\"><br \/><\/span><\/h3><p>Ofertar solu\u00e7\u00f5es produtivas em processos de fabrica\u00e7\u00f5es e montagens metal\u00fargicas em geral, atendendo os padr\u00f5es requeridos de qualidade, seguran\u00e7a, social e ambiental.<\/p>\t\t\t\t\t\t<\/div>\n\t\t\t\t<\/div>\n\t\t\t\t<div class=\"elementor-element elementor-element-4c252ae calandra elementor-widget elementor-widget-text-editor\" data-id=\"4c252ae\" data-element_type=\"widget\" data-widget_type=\"text-editor.default\">\n\t\t\t\t<div class=\"elementor-widget-container\">\n\t\t\t\t\t\t\t<h3>Vis\u00e3o<span style=\"color: #d9d9d9;\"><br \/><\/span><\/h3><p>Ser reconhecida entre as melhores empresas no setor metal\u00fargico nacional para inovar e fabricar produtos de qualidade, provendo recursos e servi\u00e7os em beneficiamento de a\u00e7o.<\/p>\t\t\t\t\t\t<\/div>\n\t\t\t\t<\/div>\n\t\t\t\t<div class=\"elementor-element elementor-element-df48f08 calandra elementor-widget elementor-widget-text-editor\" data-id=\"df48f08\" data-element_type=\"widget\" data-widget_type=\"text-editor.default\">\n\t\t\t\t<div class=\"elementor-widget-container\">\n\t\t\t\t\t\t\t<h3 style=\"padding-left: 40px;\">Valores<span style=\"color: #d9d9d9;\">\n<\/span><\/h3>\n<ul style=\"columns: 2; -webkit-columns: 2;-moz-columns: 2;\">\n \t<li>Profissionalismo<\/li>\n \t<li>Integridade<\/li>\n \t<li>Transpar\u00eancia<\/li>\n \t<li>Credibilidade<\/li>\n \t<li>Retid\u00e3o<\/li>\n \t<li>Confian\u00e7a<\/li>\n \t<li>Respeito ao meio ambiente<\/li>\n \t<li>Paix\u00e3o pelo que faz<\/li>\n<\/ul>\t\t\t\t\t\t<\/div>\n\t\t\t\t<\/div>\n\t\t\t\t<\/div>\n\t\t\t\t\t<\/div>\n\t\t\t\t<\/div>\n\t\t<div class=\"elementor-element elementor-element-e187dd6 e-flex e-con-boxed e-con e-parent\" data-id=\"e187dd6\" data-element_type=\"container\" data-settings=\"{&quot;background_background&quot;:&quot;classic&quot;}\">\n\t\t\t\t\t<div class=\"e-con-inner\">\n\t\t\t\t<div class=\"elementor-element elementor-element-6debb0a elementor-widget elementor-widget-heading\" data-id=\"6debb0a\" data-element_type=\"widget\" data-widget_type=\"heading.default\">\n\t\t\t\t<div class=\"elementor-widget-container\">\n\t\t\t<h2 class=\"elementor-heading-title elementor-size-default\">RUMO \u00c0 CERTIFICA\u00c7\u00c3O ISO 9001:2015<\/h2>\t\t<\/div>\n\t\t\t\t<\/div>\n\t\t\t\t\t<\/div>\n\t\t\t\t<\/div>\n\t\t<div class=\"elementor-element elementor-element-2b189de e-grid e-con-boxed e-con e-parent\" data-id=\"2b189de\" data-element_type=\"container\">\n\t\t\t\t\t<div class=\"e-con-inner\">\n\t\t\t\t<div class=\"elementor-element elementor-element-32a344a elementor-position-top elementor-widget elementor-widget-image-box\" data-id=\"32a344a\" data-element_type=\"widget\" data-widget_type=\"image-box.default\">\n\t\t\t\t<div class=\"elementor-widget-container\">\n\t\t\t<style>\/*! elementor - v3.23.0 - 05-08-2024 *\/\n.elementor-widget-image-box .elementor-image-box-content{width:100%}@media (min-width:768px){.elementor-widget-image-box.elementor-position-left .elementor-image-box-wrapper,.elementor-widget-image-box.elementor-position-right .elementor-image-box-wrapper{display:flex}.elementor-widget-image-box.elementor-position-right .elementor-image-box-wrapper{text-align:end;flex-direction:row-reverse}.elementor-widget-image-box.elementor-position-left .elementor-image-box-wrapper{text-align:start;flex-direction:row}.elementor-widget-image-box.elementor-position-top .elementor-image-box-img{margin:auto}.elementor-widget-image-box.elementor-vertical-align-top .elementor-image-box-wrapper{align-items:flex-start}.elementor-widget-image-box.elementor-vertical-align-middle .elementor-image-box-wrapper{align-items:center}.elementor-widget-image-box.elementor-vertical-align-bottom .elementor-image-box-wrapper{align-items:flex-end}}@media (max-width:767px){.elementor-widget-image-box .elementor-image-box-img{margin-left:auto!important;margin-right:auto!important;margin-bottom:15px}}.elementor-widget-image-box .elementor-image-box-img{display:inline-block}.elementor-widget-image-box .elementor-image-box-title a{color:inherit}.elementor-widget-image-box .elementor-image-box-wrapper{text-align:center}.elementor-widget-image-box .elementor-image-box-description{margin:0}<\/style><div class=\"elementor-image-box-wrapper\"><figure class=\"elementor-image-box-img\"><img fetchpriority=\"high\" decoding=\"async\" width=\"608\" height=\"405\" src=\"https:\/\/rafaelcalasans.com.br\/piergo\/wp-content\/uploads\/2024\/12\/01-Data_Book.jpg\" class=\"attachment-full size-full wp-image-970\" alt=\"\" srcset=\"https:\/\/rafaelcalasans.com.br\/piergo\/wp-content\/uploads\/2024\/12\/01-Data_Book.jpg 608w, https:\/\/rafaelcalasans.com.br\/piergo\/wp-content\/uploads\/2024\/12\/01-Data_Book-300x200.jpg 300w\" sizes=\"(max-width: 608px) 100vw, 608px\" \/><\/figure><div class=\"elementor-image-box-content\"><h3 class=\"elementor-image-box-title\">DATA BOOK<\/h3><p class=\"elementor-image-box-description\">Fornecimento de data book com todos os documentos envolvidos no processo de fabrica\u00e7\u00e3o como: relat\u00f3rio de rastreabilidade de produto, certificados de materiais e consum\u00edveis, qualifica\u00e7\u00e3o de processo e soldadores, garantindo assim todos os requisitos do projeto.<\/p><\/div><\/div>\t\t<\/div>\n\t\t\t\t<\/div>\n\t\t\t\t<div class=\"elementor-element elementor-element-670e000 elementor-position-top elementor-widget elementor-widget-image-box\" data-id=\"670e000\" data-element_type=\"widget\" data-widget_type=\"image-box.default\">\n\t\t\t\t<div class=\"elementor-widget-container\">\n\t\t\t<div class=\"elementor-image-box-wrapper\"><figure class=\"elementor-image-box-img\"><img decoding=\"async\" width=\"610\" height=\"407\" src=\"https:\/\/rafaelcalasans.com.br\/piergo\/wp-content\/uploads\/2024\/12\/02-Ensaios.jpg\" class=\"attachment-full size-full wp-image-971\" alt=\"\" srcset=\"https:\/\/rafaelcalasans.com.br\/piergo\/wp-content\/uploads\/2024\/12\/02-Ensaios.jpg 610w, https:\/\/rafaelcalasans.com.br\/piergo\/wp-content\/uploads\/2024\/12\/02-Ensaios-300x200.jpg 300w\" sizes=\"(max-width: 610px) 100vw, 610px\" \/><\/figure><div class=\"elementor-image-box-content\"><h3 class=\"elementor-image-box-title\">ENSAIOS N\u00c3O DESTRUTIVOS<\/h3><p class=\"elementor-image-box-description\">A PIERGO pode providenciar, sob demanda espec\u00edfica, ensaios n\u00e3o destrutivos, como: EVS (Ensaio Visual de Solda), LP (L\u00edquido Penetrante), UT (Ultrassom) e PM (Part\u00edcula Magn\u00e9tica). Fa\u00e7a uma consulta.<\/p><\/div><\/div>\t\t<\/div>\n\t\t\t\t<\/div>\n\t\t\t\t<div class=\"elementor-element elementor-element-ac4cb2b elementor-position-top elementor-widget elementor-widget-image-box\" data-id=\"ac4cb2b\" data-element_type=\"widget\" data-widget_type=\"image-box.default\">\n\t\t\t\t<div class=\"elementor-widget-container\">\n\t\t\t<div class=\"elementor-image-box-wrapper\"><figure class=\"elementor-image-box-img\"><img decoding=\"async\" width=\"607\" height=\"405\" src=\"https:\/\/rafaelcalasans.com.br\/piergo\/wp-content\/uploads\/2024\/12\/03-Certificacoes.jpg\" class=\"attachment-full size-full wp-image-972\" alt=\"\" srcset=\"https:\/\/rafaelcalasans.com.br\/piergo\/wp-content\/uploads\/2024\/12\/03-Certificacoes.jpg 607w, https:\/\/rafaelcalasans.com.br\/piergo\/wp-content\/uploads\/2024\/12\/03-Certificacoes-300x200.jpg 300w\" sizes=\"(max-width: 607px) 100vw, 607px\" \/><\/figure><div class=\"elementor-image-box-content\"><h3 class=\"elementor-image-box-title\">CERTIFICA\u00c7\u00d5ES<\/h3><p class=\"elementor-image-box-description\">Seguindo as diretrizes da pol\u00edtica de qualidade, a PIERGO disp\u00f5e de processos e soldadores certificados, al\u00e9m de instrumentos de medi\u00e7\u00e3o com certifica\u00e7\u00e3o de aferi\u00e7\u00e3o para garantir a excel\u00eancia nos produtos e servi\u00e7os oferecidos.<\/p><\/div><\/div>\t\t<\/div>\n\t\t\t\t<\/div>\n\t\t\t\t\t<\/div>\n\t\t\t\t<\/div>\n\t\t\t\t<\/div>\n\t\t","protected":false},"excerpt":{"rendered":"<p>Qualidade POL\u00cdTICA DA QUALIDADE PIERGO METAL SERVICE tem como compromisso: Alcan\u00e7ar a excel\u00eancia na qualidade t\u00e9cnica dos produtos metal\u00fargicos e na presta\u00e7\u00e3o de servi\u00e7os de beneficiamento de a\u00e7o, atendendo aos requisitos e superando as expectativas de nossos clientes. Instituir um sistema eficaz de abordagem por processos, garantindo o uso respons\u00e1vel dos recursos dispon\u00edveis. Acompanhar e [&hellip;]<\/p>\n","protected":false},"author":1,"featured_media":0,"parent":0,"menu_order":0,"comment_status":"closed","ping_status":"closed","template":"","meta":{"footnotes":""},"class_list":["post-28","page","type-page","status-publish","hentry"],"_links":{"self":[{"href":"https:\/\/rafaelcalasans.com.br\/piergo\/wp-json\/wp\/v2\/pages\/28","targetHints":{"allow":["GET"]}}],"collection":[{"href":"https:\/\/rafaelcalasans.com.br\/piergo\/wp-json\/wp\/v2\/pages"}],"about":[{"href":"https:\/\/rafaelcalasans.com.br\/piergo\/wp-json\/wp\/v2\/types\/page"}],"author":[{"embeddable":true,"href":"https:\/\/rafaelcalasans.com.br\/piergo\/wp-json\/wp\/v2\/users\/1"}],"replies":[{"embeddable":true,"href":"https:\/\/rafaelcalasans.com.br\/piergo\/wp-json\/wp\/v2\/comments?post=28"}],"version-history":[{"count":49,"href":"https:\/\/rafaelcalasans.com.br\/piergo\/wp-json\/wp\/v2\/pages\/28\/revisions"}],"predecessor-version":[{"id":979,"href":"https:\/\/rafaelcalasans.com.br\/piergo\/wp-json\/wp\/v2\/pages\/28\/revisions\/979"}],"wp:attachment":[{"href":"https:\/\/rafaelcalasans.com.br\/piergo\/wp-json\/wp\/v2\/media?parent=28"}],"curies":[{"name":"wp","href":"https:\/\/api.w.org\/{rel}","templated":true}]}}