{"id":54,"date":"2024-08-14T19:40:28","date_gmt":"2024-08-14T19:40:28","guid":{"rendered":"https:\/\/rafaelcalasans.com.br\/piergo\/?page_id=54"},"modified":"2024-11-28T19:13:17","modified_gmt":"2024-11-28T19:13:17","slug":"pagina-inicial","status":"publish","type":"page","link":"https:\/\/rafaelcalasans.com.br\/piergo\/","title":{"rendered":"P\u00e1gina Inicial"},"content":{"rendered":"\t\t<div data-elementor-type=\"wp-page\" data-elementor-id=\"54\" class=\"elementor elementor-54\" data-elementor-post-type=\"page\">\n\t\t\t\t\t\t<section class=\"elementor-section elementor-top-section elementor-element elementor-element-b4453b5 elementor-section-height-min-height elementor-section-boxed elementor-section-height-default elementor-section-items-middle\" data-id=\"b4453b5\" data-element_type=\"section\" data-settings=\"{&quot;background_background&quot;:&quot;video&quot;,&quot;background_video_link&quot;:&quot;https:\\\/\\\/rafaelcalasans.com.br\\\/piergo\\\/wp-content\\\/uploads\\\/2024\\\/10\\\/PIERGO-SITE-v2-1.mp4&quot;,&quot;background_play_on_mobile&quot;:&quot;yes&quot;}\">\n\t\t\t\t\t\t\t\t<div class=\"elementor-background-video-container\">\n\t\t\t\t\t\t\t\t\t\t\t\t\t<video class=\"elementor-background-video-hosted elementor-html5-video\" autoplay muted playsinline loop><\/video>\n\t\t\t\t\t\t\t\t\t\t\t<\/div>\n\t\t\t\t\t\t\t\t\t<div class=\"elementor-background-overlay\"><\/div>\n\t\t\t\t\t\t\t<div class=\"elementor-container elementor-column-gap-no\">\n\t\t\t\t\t<div class=\"elementor-column elementor-col-100 elementor-top-column elementor-element elementor-element-6027934\" data-id=\"6027934\" data-element_type=\"column\">\n\t\t\t<div class=\"elementor-widget-wrap elementor-element-populated\">\n\t\t\t\t\t\t<div class=\"elementor-element elementor-element-c56bb42 elementor-widget__width-auto elementor-invisible elementor-widget elementor-widget-heading\" data-id=\"c56bb42\" data-element_type=\"widget\" data-settings=\"{&quot;_animation&quot;:&quot;fadeIn&quot;}\" data-widget_type=\"heading.default\">\n\t\t\t\t<div class=\"elementor-widget-container\">\n\t\t\t<style>\/*! elementor - v3.23.0 - 05-08-2024 *\/\n.elementor-heading-title{padding:0;margin:0;line-height:1}.elementor-widget-heading .elementor-heading-title[class*=elementor-size-]>a{color:inherit;font-size:inherit;line-height:inherit}.elementor-widget-heading .elementor-heading-title.elementor-size-small{font-size:15px}.elementor-widget-heading .elementor-heading-title.elementor-size-medium{font-size:19px}.elementor-widget-heading .elementor-heading-title.elementor-size-large{font-size:29px}.elementor-widget-heading .elementor-heading-title.elementor-size-xl{font-size:39px}.elementor-widget-heading .elementor-heading-title.elementor-size-xxl{font-size:59px}<\/style><h2 class=\"elementor-heading-title elementor-size-default\">Fazer da <b>PIERGO <\/b>uma extens\u00e3o do seu neg\u00f3cio.<\/h2>\t\t<\/div>\n\t\t\t\t<\/div>\n\t\t\t\t<div class=\"elementor-element elementor-element-f3f6eca elementor-invisible elementor-widget elementor-widget-heading\" data-id=\"f3f6eca\" data-element_type=\"widget\" data-settings=\"{&quot;_animation&quot;:&quot;fadeIn&quot;}\" data-widget_type=\"heading.default\">\n\t\t\t\t<div class=\"elementor-widget-container\">\n\t\t\t<h2 class=\"elementor-heading-title elementor-size-default\">Este \u00e9 o nosso perfil.<\/h2>\t\t<\/div>\n\t\t\t\t<\/div>\n\t\t\t\t\t<\/div>\n\t\t<\/div>\n\t\t\t\t\t<\/div>\n\t\t<\/section>\n\t\t<div class=\"elementor-element elementor-element-877cd24 e-flex e-con-boxed e-con e-parent\" data-id=\"877cd24\" data-element_type=\"container\" id=\"quem-somos\">\n\t\t\t\t\t<div class=\"e-con-inner\">\n\t\t\t\t<div class=\"elementor-element elementor-element-bb25fdb elementor-widget elementor-widget-heading\" data-id=\"bb25fdb\" data-element_type=\"widget\" data-widget_type=\"heading.default\">\n\t\t\t\t<div class=\"elementor-widget-container\">\n\t\t\t<h2 class=\"elementor-heading-title elementor-size-default\">A Piergo<\/h2>\t\t<\/div>\n\t\t\t\t<\/div>\n\t\t\t\t<div class=\"elementor-element elementor-element-e990df5 elementor-widget-divider--view-line elementor-widget elementor-widget-divider\" data-id=\"e990df5\" data-element_type=\"widget\" data-widget_type=\"divider.default\">\n\t\t\t\t<div class=\"elementor-widget-container\">\n\t\t\t<style>\/*! elementor - v3.23.0 - 05-08-2024 *\/\n.elementor-widget-divider{--divider-border-style:none;--divider-border-width:1px;--divider-color:#0c0d0e;--divider-icon-size:20px;--divider-element-spacing:10px;--divider-pattern-height:24px;--divider-pattern-size:20px;--divider-pattern-url:none;--divider-pattern-repeat:repeat-x}.elementor-widget-divider .elementor-divider{display:flex}.elementor-widget-divider .elementor-divider__text{font-size:15px;line-height:1;max-width:95%}.elementor-widget-divider .elementor-divider__element{margin:0 var(--divider-element-spacing);flex-shrink:0}.elementor-widget-divider .elementor-icon{font-size:var(--divider-icon-size)}.elementor-widget-divider .elementor-divider-separator{display:flex;margin:0;direction:ltr}.elementor-widget-divider--view-line_icon .elementor-divider-separator,.elementor-widget-divider--view-line_text .elementor-divider-separator{align-items:center}.elementor-widget-divider--view-line_icon .elementor-divider-separator:after,.elementor-widget-divider--view-line_icon .elementor-divider-separator:before,.elementor-widget-divider--view-line_text .elementor-divider-separator:after,.elementor-widget-divider--view-line_text .elementor-divider-separator:before{display:block;content:\"\";border-block-end:0;flex-grow:1;border-block-start:var(--divider-border-width) var(--divider-border-style) var(--divider-color)}.elementor-widget-divider--element-align-left .elementor-divider .elementor-divider-separator>.elementor-divider__svg:first-of-type{flex-grow:0;flex-shrink:100}.elementor-widget-divider--element-align-left .elementor-divider-separator:before{content:none}.elementor-widget-divider--element-align-left .elementor-divider__element{margin-left:0}.elementor-widget-divider--element-align-right .elementor-divider .elementor-divider-separator>.elementor-divider__svg:last-of-type{flex-grow:0;flex-shrink:100}.elementor-widget-divider--element-align-right .elementor-divider-separator:after{content:none}.elementor-widget-divider--element-align-right .elementor-divider__element{margin-right:0}.elementor-widget-divider--element-align-start .elementor-divider .elementor-divider-separator>.elementor-divider__svg:first-of-type{flex-grow:0;flex-shrink:100}.elementor-widget-divider--element-align-start .elementor-divider-separator:before{content:none}.elementor-widget-divider--element-align-start .elementor-divider__element{margin-inline-start:0}.elementor-widget-divider--element-align-end .elementor-divider .elementor-divider-separator>.elementor-divider__svg:last-of-type{flex-grow:0;flex-shrink:100}.elementor-widget-divider--element-align-end .elementor-divider-separator:after{content:none}.elementor-widget-divider--element-align-end .elementor-divider__element{margin-inline-end:0}.elementor-widget-divider:not(.elementor-widget-divider--view-line_text):not(.elementor-widget-divider--view-line_icon) .elementor-divider-separator{border-block-start:var(--divider-border-width) var(--divider-border-style) var(--divider-color)}.elementor-widget-divider--separator-type-pattern{--divider-border-style:none}.elementor-widget-divider--separator-type-pattern.elementor-widget-divider--view-line .elementor-divider-separator,.elementor-widget-divider--separator-type-pattern:not(.elementor-widget-divider--view-line) .elementor-divider-separator:after,.elementor-widget-divider--separator-type-pattern:not(.elementor-widget-divider--view-line) .elementor-divider-separator:before,.elementor-widget-divider--separator-type-pattern:not([class*=elementor-widget-divider--view]) .elementor-divider-separator{width:100%;min-height:var(--divider-pattern-height);-webkit-mask-size:var(--divider-pattern-size) 100%;mask-size:var(--divider-pattern-size) 100%;-webkit-mask-repeat:var(--divider-pattern-repeat);mask-repeat:var(--divider-pattern-repeat);background-color:var(--divider-color);-webkit-mask-image:var(--divider-pattern-url);mask-image:var(--divider-pattern-url)}.elementor-widget-divider--no-spacing{--divider-pattern-size:auto}.elementor-widget-divider--bg-round{--divider-pattern-repeat:round}.rtl .elementor-widget-divider .elementor-divider__text{direction:rtl}.e-con-inner>.elementor-widget-divider,.e-con>.elementor-widget-divider{width:var(--container-widget-width,100%);--flex-grow:var(--container-widget-flex-grow)}<\/style>\t\t<div class=\"elementor-divider\">\n\t\t\t<span class=\"elementor-divider-separator\">\n\t\t\t\t\t\t<\/span>\n\t\t<\/div>\n\t\t\t\t<\/div>\n\t\t\t\t<\/div>\n\t\t<div class=\"elementor-element elementor-element-dd2b6da e-grid e-con-full e-con e-child\" data-id=\"dd2b6da\" data-element_type=\"container\">\n\t\t\t\t<div class=\"elementor-element elementor-element-cf739d9 elementor-widget elementor-widget-text-editor\" data-id=\"cf739d9\" data-element_type=\"widget\" data-widget_type=\"text-editor.default\">\n\t\t\t\t<div class=\"elementor-widget-container\">\n\t\t\t<style>\/*! elementor - v3.23.0 - 05-08-2024 *\/\n.elementor-widget-text-editor.elementor-drop-cap-view-stacked .elementor-drop-cap{background-color:#69727d;color:#fff}.elementor-widget-text-editor.elementor-drop-cap-view-framed .elementor-drop-cap{color:#69727d;border:3px solid;background-color:transparent}.elementor-widget-text-editor:not(.elementor-drop-cap-view-default) .elementor-drop-cap{margin-top:8px}.elementor-widget-text-editor:not(.elementor-drop-cap-view-default) .elementor-drop-cap-letter{width:1em;height:1em}.elementor-widget-text-editor .elementor-drop-cap{float:left;text-align:center;line-height:1;font-size:50px}.elementor-widget-text-editor .elementor-drop-cap-letter{display:inline-block}<\/style>\t\t\t\t<p>Fundada em 1971 na cidade de Curitiba, a <b>PIERGO<\/b> \u00e9 um dos primeiros centros de servi\u00e7os de a\u00e7os planos do Paran\u00e1. Por muitos anos se destacou como distribuidor independente das principais usinas de a\u00e7o do Brasil, atuando principalmente na regi\u00e3o sul do pa\u00eds.&nbsp;<\/p>\n<p>Ao longo de sua trajet\u00f3ria, acompanhando a evolu\u00e7\u00e3o do mercado de a\u00e7o, mudou o foco do neg\u00f3cio para se consolidar como um dos principais fornecedores de solu\u00e7\u00f5es em a\u00e7o industrializado para diversos segmentos da ind\u00fastria metal mec\u00e2nica. Esta mudan\u00e7a possibilitou a forma\u00e7\u00e3o de grandes e valiosas parcerias.&nbsp;<\/p>\n<p>Atualmente, o trabalho da <b>PIERGO <\/b>n\u00e3o \u00e9 focado apenas na quantidade, mas sim na qualidade do servi\u00e7o prestado, tendo como pilares o desenvolvimento e qualifica\u00e7\u00e3o de processos e pessoas.&nbsp;<\/p>\n<p>Instalada em uma \u00e1rea de 16.000 m\u00b2, sendo 9.300 m\u00b2 cobertos, a <b>PIERGO <\/b>conta com uma equipe altamente qualificada e motivada para atender seus clientes com rapidez e qualidade.&nbsp;<\/p>\n<p>O know-how adquirido ao longo dos anos combinado com a sua grande flexibilidade, permitem \u00e0 empresa priorizar as reais necessidades de seus clientes por meio de estudos e an\u00e1lises espec\u00edficas de cada projeto.<\/p>\t\t\t\t\t\t<\/div>\n\t\t\t\t<\/div>\n\t\t<div class=\"elementor-element elementor-element-b0f5d3a e-con-full e-flex e-con e-child\" data-id=\"b0f5d3a\" data-element_type=\"container\">\n\t\t\t\t<div class=\"elementor-element elementor-element-c90cbbb elementor-widget elementor-widget-image\" data-id=\"c90cbbb\" data-element_type=\"widget\" data-widget_type=\"image.default\">\n\t\t\t\t<div class=\"elementor-widget-container\">\n\t\t\t\t\t\t\t\t\t\t\t\t\t<img fetchpriority=\"high\" decoding=\"async\" width=\"600\" height=\"530\" src=\"https:\/\/rafaelcalasans.com.br\/piergo\/wp-content\/uploads\/2024\/11\/foto-home-2.png\" class=\"attachment-full size-full wp-image-871\" alt=\"\" srcset=\"https:\/\/rafaelcalasans.com.br\/piergo\/wp-content\/uploads\/2024\/11\/foto-home-2.png 600w, https:\/\/rafaelcalasans.com.br\/piergo\/wp-content\/uploads\/2024\/11\/foto-home-2-300x265.png 300w\" sizes=\"(max-width: 600px) 100vw, 600px\" \/>\t\t\t\t\t\t\t\t\t\t\t\t\t<\/div>\n\t\t\t\t<\/div>\n\t\t\t\t<\/div>\n\t\t\t\t<\/div>\n\t\t\t\t\t<\/div>\n\t\t\t\t<\/div>\n\t\t<div class=\"elementor-element elementor-element-c765a80 e-flex e-con-boxed e-con e-parent\" data-id=\"c765a80\" data-element_type=\"container\" id=\"equipamentos\" data-settings=\"{&quot;background_background&quot;:&quot;classic&quot;}\">\n\t\t\t\t\t<div class=\"e-con-inner\">\n\t\t\t\t<div class=\"elementor-element elementor-element-5629c5f elementor-widget elementor-widget-heading\" data-id=\"5629c5f\" data-element_type=\"widget\" data-widget_type=\"heading.default\">\n\t\t\t\t<div class=\"elementor-widget-container\">\n\t\t\t<h2 class=\"elementor-heading-title elementor-size-default\">EQUIPAMENTOS<\/h2>\t\t<\/div>\n\t\t\t\t<\/div>\n\t\t\t\t<div class=\"elementor-element elementor-element-2319ee5 elementor-widget-divider--view-line elementor-widget elementor-widget-divider\" data-id=\"2319ee5\" data-element_type=\"widget\" data-widget_type=\"divider.default\">\n\t\t\t\t<div class=\"elementor-widget-container\">\n\t\t\t\t\t<div class=\"elementor-divider\">\n\t\t\t<span class=\"elementor-divider-separator\">\n\t\t\t\t\t\t<\/span>\n\t\t<\/div>\n\t\t\t\t<\/div>\n\t\t\t\t<\/div>\n\t\t\t\t<div class=\"elementor-element elementor-element-c58cc3a elementor-widget elementor-widget-text-editor\" data-id=\"c58cc3a\" data-element_type=\"widget\" data-widget_type=\"text-editor.default\">\n\t\t\t\t<div class=\"elementor-widget-container\">\n\t\t\t\t\t\t\t<p>Al\u00e9m de contar com ampla estrutura e equipe qualificada, a PIERGO disp\u00f5e de uma variedade de equipamentos para que as entregas superem as expectativas de seus clientes.<br><\/p>\t\t\t\t\t\t<\/div>\n\t\t\t\t<\/div>\n\t\t<div class=\"elementor-element elementor-element-bc5491e e-grid e-con-full e-con e-child\" data-id=\"bc5491e\" data-element_type=\"container\">\n\t\t\t\t<div class=\"elementor-element elementor-element-1771ff6 elementor-widget elementor-widget-text-editor\" data-id=\"1771ff6\" data-element_type=\"widget\" data-widget_type=\"text-editor.default\">\n\t\t\t\t<div class=\"elementor-widget-container\">\n\t\t\t\t\t\t\t<p><span style=\"color: #b72026;\"><b>Linha de Corte Transversal \/ Desbobinamento<\/b><\/span><br \/><span style=\"text-align: var(--text-align);\">Espessura (mm) de 0,43 a 9,50<br \/><\/span><span style=\"color: var( --e-global-color-text ); text-align: var(--text-align);\">Largura M\u00e1xima (mm) 1.800<\/span><span style=\"color: var( --e-global-color-text ); text-align: var(--text-align);\">\u00a0<\/span><\/p><p><span style=\"color: #b72026;\"><b>Corte Plasma e Oxicorte CNC<\/b><\/span><br \/>Mesa de 3.000 x 12.000 mm.<\/p><p><span style=\"text-align: var(--text-align);\"><span style=\"color: #b72026;\"><b>Calandras<br \/><\/b><\/span><\/span>Espessuras at\u00e9 37,50 mm sob consulta.<\/p><p><span style=\"color: #b72026;\"><strong>Pontes Rolantes <\/strong><\/span><br \/>At\u00e9 30 toneladas.<\/p>\t\t\t\t\t\t<\/div>\n\t\t\t\t<\/div>\n\t\t\t\t<div class=\"elementor-element elementor-element-c1429a9 elementor-widget elementor-widget-text-editor\" data-id=\"c1429a9\" data-element_type=\"widget\" data-widget_type=\"text-editor.default\">\n\t\t\t\t<div class=\"elementor-widget-container\">\n\t\t\t\t\t\t\t<p><span style=\"color: #b72026;\"><strong>Guilhotinas<\/strong><\/span><br \/>De 4, 6 e 8 metros.\u00a0<\/p><p><span style=\"color: #b72026;\"><strong>Dobradeiras<\/strong><\/span> <br \/>De 4, 6 e 8 metros.\u00a0<\/p><p><span style=\"color: #b72026;\"><strong>Equipamentos de Solda <\/strong><\/span><br \/>MIG, MAG, Arame Tubular (FCAW) e Arco Submerso (SAW).<\/p>\t\t\t\t\t\t<\/div>\n\t\t\t\t<\/div>\n\t\t<div class=\"elementor-element elementor-element-cc9f1a2 e-grid e-con-full e-con e-child\" data-id=\"cc9f1a2\" data-element_type=\"container\">\n\t\t\t\t<div class=\"elementor-element elementor-element-f6ba859 elementor-widget elementor-widget-button\" data-id=\"f6ba859\" data-element_type=\"widget\" data-widget_type=\"button.default\">\n\t\t\t\t<div class=\"elementor-widget-container\">\n\t\t\t\t\t<div class=\"elementor-button-wrapper\">\n\t\t\t<a class=\"elementor-button elementor-button-link elementor-size-sm\" href=\"https:\/\/rafaelcalasans.com.br\/piergo\/servicos\/\">\n\t\t\t\t\t\t<span class=\"elementor-button-content-wrapper\">\n\t\t\t\t\t\t\t\t\t<span class=\"elementor-button-text\">conhe\u00e7a nossos servi\u00e7os<\/span>\n\t\t\t\t\t<\/span>\n\t\t\t\t\t<\/a>\n\t\t<\/div>\n\t\t\t\t<\/div>\n\t\t\t\t<\/div>\n\t\t\t\t<div class=\"elementor-element elementor-element-1b7fea1 elementor-widget elementor-widget-button\" data-id=\"1b7fea1\" data-element_type=\"widget\" data-widget_type=\"button.default\">\n\t\t\t\t<div class=\"elementor-widget-container\">\n\t\t\t\t\t<div class=\"elementor-button-wrapper\">\n\t\t\t<a class=\"elementor-button elementor-button-link elementor-size-sm\" href=\"https:\/\/rafaelcalasans.com.br\/piergo\/perfis-dobrados\/\">\n\t\t\t\t\t\t<span class=\"elementor-button-content-wrapper\">\n\t\t\t\t\t\t\t\t\t<span class=\"elementor-button-text\">conhe\u00e7a nossos produtos<\/span>\n\t\t\t\t\t<\/span>\n\t\t\t\t\t<\/a>\n\t\t<\/div>\n\t\t\t\t<\/div>\n\t\t\t\t<\/div>\n\t\t\t\t<\/div>\n\t\t\t\t<\/div>\n\t\t\t\t\t<\/div>\n\t\t\t\t<\/div>\n\t\t<div class=\"elementor-element elementor-element-844916b e-flex e-con-boxed e-con e-parent\" data-id=\"844916b\" data-element_type=\"container\" id=\"segmentos\">\n\t\t\t\t\t<div class=\"e-con-inner\">\n\t\t\t\t<div class=\"elementor-element elementor-element-246f8b8 elementor-widget elementor-widget-heading\" data-id=\"246f8b8\" data-element_type=\"widget\" data-widget_type=\"heading.default\">\n\t\t\t\t<div class=\"elementor-widget-container\">\n\t\t\t<h2 class=\"elementor-heading-title elementor-size-default\">Segmentos<\/h2>\t\t<\/div>\n\t\t\t\t<\/div>\n\t\t\t\t<div class=\"elementor-element elementor-element-d2abf52 elementor-widget-divider--view-line elementor-widget elementor-widget-divider\" data-id=\"d2abf52\" data-element_type=\"widget\" data-widget_type=\"divider.default\">\n\t\t\t\t<div class=\"elementor-widget-container\">\n\t\t\t\t\t<div class=\"elementor-divider\">\n\t\t\t<span class=\"elementor-divider-separator\">\n\t\t\t\t\t\t<\/span>\n\t\t<\/div>\n\t\t\t\t<\/div>\n\t\t\t\t<\/div>\n\t\t<div class=\"elementor-element elementor-element-386b7ca e-grid e-con-full e-con e-child\" data-id=\"386b7ca\" data-element_type=\"container\">\n\t\t\t\t<div class=\"elementor-element elementor-element-351d40b elementor-position-left elementor-position-right elementor-position-top elementor-vertical-align-middle elementor-vertical-align-bottom elementor-widget elementor-widget-image-box\" data-id=\"351d40b\" data-element_type=\"widget\" data-widget_type=\"image-box.default\">\n\t\t\t\t<div class=\"elementor-widget-container\">\n\t\t\t<style>\/*! elementor - v3.23.0 - 05-08-2024 *\/\n.elementor-widget-image-box .elementor-image-box-content{width:100%}@media (min-width:768px){.elementor-widget-image-box.elementor-position-left .elementor-image-box-wrapper,.elementor-widget-image-box.elementor-position-right .elementor-image-box-wrapper{display:flex}.elementor-widget-image-box.elementor-position-right .elementor-image-box-wrapper{text-align:end;flex-direction:row-reverse}.elementor-widget-image-box.elementor-position-left .elementor-image-box-wrapper{text-align:start;flex-direction:row}.elementor-widget-image-box.elementor-position-top .elementor-image-box-img{margin:auto}.elementor-widget-image-box.elementor-vertical-align-top .elementor-image-box-wrapper{align-items:flex-start}.elementor-widget-image-box.elementor-vertical-align-middle .elementor-image-box-wrapper{align-items:center}.elementor-widget-image-box.elementor-vertical-align-bottom .elementor-image-box-wrapper{align-items:flex-end}}@media (max-width:767px){.elementor-widget-image-box .elementor-image-box-img{margin-left:auto!important;margin-right:auto!important;margin-bottom:15px}}.elementor-widget-image-box .elementor-image-box-img{display:inline-block}.elementor-widget-image-box .elementor-image-box-title a{color:inherit}.elementor-widget-image-box .elementor-image-box-wrapper{text-align:center}.elementor-widget-image-box .elementor-image-box-description{margin:0}<\/style><div class=\"elementor-image-box-wrapper\"><figure class=\"elementor-image-box-img\"><img decoding=\"async\" width=\"122\" height=\"121\" src=\"https:\/\/rafaelcalasans.com.br\/piergo\/wp-content\/uploads\/2024\/08\/seg01.png\" class=\"attachment-full size-full wp-image-88\" alt=\"\" \/><\/figure><div class=\"elementor-image-box-content\"><h3 class=\"elementor-image-box-title\">Constru\u00e7\u00e3o Civil<\/h3><\/div><\/div>\t\t<\/div>\n\t\t\t\t<\/div>\n\t\t\t\t<div class=\"elementor-element elementor-element-315305a elementor-position-left elementor-position-right elementor-position-top elementor-vertical-align-middle elementor-vertical-align-bottom elementor-widget elementor-widget-image-box\" data-id=\"315305a\" data-element_type=\"widget\" data-widget_type=\"image-box.default\">\n\t\t\t\t<div class=\"elementor-widget-container\">\n\t\t\t<div class=\"elementor-image-box-wrapper\"><figure class=\"elementor-image-box-img\"><img decoding=\"async\" width=\"130\" height=\"130\" src=\"https:\/\/rafaelcalasans.com.br\/piergo\/wp-content\/uploads\/2024\/09\/seg-maq.png\" class=\"attachment-full size-full wp-image-564\" alt=\"\" \/><\/figure><div class=\"elementor-image-box-content\"><h3 class=\"elementor-image-box-title\">M\u00e1quinas e Equipamentos<\/h3><\/div><\/div>\t\t<\/div>\n\t\t\t\t<\/div>\n\t\t\t\t<div class=\"elementor-element elementor-element-721d5fb elementor-position-left elementor-position-right elementor-position-top elementor-vertical-align-middle elementor-vertical-align-bottom elementor-widget elementor-widget-image-box\" data-id=\"721d5fb\" data-element_type=\"widget\" data-widget_type=\"image-box.default\">\n\t\t\t\t<div class=\"elementor-widget-container\">\n\t\t\t<div class=\"elementor-image-box-wrapper\"><figure class=\"elementor-image-box-img\"><img loading=\"lazy\" decoding=\"async\" width=\"130\" height=\"130\" src=\"https:\/\/rafaelcalasans.com.br\/piergo\/wp-content\/uploads\/2024\/09\/seg-rod.png\" class=\"attachment-full size-full wp-image-552\" alt=\"\" \/><\/figure><div class=\"elementor-image-box-content\"><h3 class=\"elementor-image-box-title\">Rodovi\u00e1rio<\/h3><\/div><\/div>\t\t<\/div>\n\t\t\t\t<\/div>\n\t\t\t\t<div class=\"elementor-element elementor-element-8d9ad28 elementor-position-left elementor-position-right elementor-position-top elementor-vertical-align-middle elementor-vertical-align-bottom elementor-widget elementor-widget-image-box\" data-id=\"8d9ad28\" data-element_type=\"widget\" data-widget_type=\"image-box.default\">\n\t\t\t\t<div class=\"elementor-widget-container\">\n\t\t\t<div class=\"elementor-image-box-wrapper\"><figure class=\"elementor-image-box-img\"><img loading=\"lazy\" decoding=\"async\" width=\"122\" height=\"121\" src=\"https:\/\/rafaelcalasans.com.br\/piergo\/wp-content\/uploads\/2024\/08\/seg02.png\" class=\"attachment-full size-full wp-image-89\" alt=\"\" \/><\/figure><div class=\"elementor-image-box-content\"><h3 class=\"elementor-image-box-title\">Distribui\u00e7\u00e3o\nde Aco Plano<\/h3><\/div><\/div>\t\t<\/div>\n\t\t\t\t<\/div>\n\t\t\t\t<div class=\"elementor-element elementor-element-600b0aa elementor-position-left elementor-position-right elementor-position-top elementor-vertical-align-middle elementor-vertical-align-bottom elementor-widget elementor-widget-image-box\" data-id=\"600b0aa\" data-element_type=\"widget\" data-widget_type=\"image-box.default\">\n\t\t\t\t<div class=\"elementor-widget-container\">\n\t\t\t<div class=\"elementor-image-box-wrapper\"><figure class=\"elementor-image-box-img\"><img loading=\"lazy\" decoding=\"async\" width=\"130\" height=\"130\" src=\"https:\/\/rafaelcalasans.com.br\/piergo\/wp-content\/uploads\/2024\/09\/seg-rev.png\" class=\"attachment-full size-full wp-image-554\" alt=\"\" \/><\/figure><div class=\"elementor-image-box-content\"><h3 class=\"elementor-image-box-title\">Revendas de A\u00e7o<\/h3><\/div><\/div>\t\t<\/div>\n\t\t\t\t<\/div>\n\t\t\t\t<div class=\"elementor-element elementor-element-fbebc97 elementor-position-left elementor-position-right elementor-position-top elementor-vertical-align-middle elementor-vertical-align-bottom elementor-widget elementor-widget-image-box\" data-id=\"fbebc97\" data-element_type=\"widget\" data-widget_type=\"image-box.default\">\n\t\t\t\t<div class=\"elementor-widget-container\">\n\t\t\t<div class=\"elementor-image-box-wrapper\"><figure class=\"elementor-image-box-img\"><img loading=\"lazy\" decoding=\"async\" width=\"130\" height=\"130\" src=\"https:\/\/rafaelcalasans.com.br\/piergo\/wp-content\/uploads\/2024\/08\/seg06.png\" class=\"attachment-full size-full wp-image-93\" alt=\"\" \/><\/figure><div class=\"elementor-image-box-content\"><h3 class=\"elementor-image-box-title\">Energia - Telecomunica\u00e7\u00f5es<\/h3><\/div><\/div>\t\t<\/div>\n\t\t\t\t<\/div>\n\t\t\t\t<\/div>\n\t\t\t\t\t<\/div>\n\t\t\t\t<\/div>\n\t\t\t\t<\/div>\n\t\t","protected":false},"excerpt":{"rendered":"<p>Fazer da PIERGO uma extens\u00e3o do seu neg\u00f3cio. Este \u00e9 o nosso perfil. A Piergo Fundada em 1971 na cidade de Curitiba, a PIERGO \u00e9 um dos primeiros centros de servi\u00e7os de a\u00e7os planos do Paran\u00e1. Por muitos anos se destacou como distribuidor independente das principais usinas de a\u00e7o do Brasil, atuando principalmente na regi\u00e3o [&hellip;]<\/p>\n","protected":false},"author":1,"featured_media":0,"parent":0,"menu_order":0,"comment_status":"closed","ping_status":"closed","template":"","meta":{"footnotes":""},"class_list":["post-54","page","type-page","status-publish","hentry"],"_links":{"self":[{"href":"https:\/\/rafaelcalasans.com.br\/piergo\/wp-json\/wp\/v2\/pages\/54","targetHints":{"allow":["GET"]}}],"collection":[{"href":"https:\/\/rafaelcalasans.com.br\/piergo\/wp-json\/wp\/v2\/pages"}],"about":[{"href":"https:\/\/rafaelcalasans.com.br\/piergo\/wp-json\/wp\/v2\/types\/page"}],"author":[{"embeddable":true,"href":"https:\/\/rafaelcalasans.com.br\/piergo\/wp-json\/wp\/v2\/users\/1"}],"replies":[{"embeddable":true,"href":"https:\/\/rafaelcalasans.com.br\/piergo\/wp-json\/wp\/v2\/comments?post=54"}],"version-history":[{"count":97,"href":"https:\/\/rafaelcalasans.com.br\/piergo\/wp-json\/wp\/v2\/pages\/54\/revisions"}],"predecessor-version":[{"id":874,"href":"https:\/\/rafaelcalasans.com.br\/piergo\/wp-json\/wp\/v2\/pages\/54\/revisions\/874"}],"wp:attachment":[{"href":"https:\/\/rafaelcalasans.com.br\/piergo\/wp-json\/wp\/v2\/media?parent=54"}],"curies":[{"name":"wp","href":"https:\/\/api.w.org\/{rel}","templated":true}]}}